{"id":7,"date":"2022-12-09T14:28:18","date_gmt":"2022-12-09T14:28:18","guid":{"rendered":"http:\/\/xn--ptenitzer-wiek-vpb.de\/?page_id=7"},"modified":"2022-12-09T14:29:05","modified_gmt":"2022-12-09T14:29:05","slug":"wartungsmodus","status":"publish","type":"page","link":"http:\/\/xn--ptenitzer-wiek-vpb.de\/","title":{"rendered":"Wartungsmodus"},"content":{"rendered":"\r\n<section class=\"maintenance-page\">\r\n    <div class=\"big-image d-xs-none d-lg-block\">\r\n        <div class=\"decor-line\"><\/div>\r\n        <picture>\r\n            <source srcset=\"http:\/\/xn--ptenitzer-wiek-vpb.de\/wp-content\/uploads\/2022\/12\/POeTENITZ-0504_bearbeitet.jpg,\r\n                                http:\/\/xn--ptenitzer-wiek-vpb.de\/wp-content\/uploads\/2022\/12\/POeTENITZ-0504_bearbeitet.jpg 2x\"\r\n                    media=\"(min-width: 1080px)\">\r\n            <img decoding=\"async\" src=\"http:\/\/xn--ptenitzer-wiek-vpb.de\/wp-content\/uploads\/2022\/12\/POeTENITZ-0504_bearbeitet-239x320.jpg\"\r\n                 src=\"http:\/\/xn--ptenitzer-wiek-vpb.de\/wp-content\/uploads\/2022\/12\/POeTENITZ-0504_bearbeitet-239x320.jpg\"\r\n                 srcset=\"http:\/\/xn--ptenitzer-wiek-vpb.de\/wp-content\/uploads\/2022\/12\/POeTENITZ-0504_bearbeitet-478x640.jpg 2x\"\r\n                 class=\"lazy\"\r\n                 alt=\"\"\r\n                 title=\"\">\r\n        <\/picture>\r\n    <\/div>\r\n    <div class=\"container-sm\">\r\n        <div class=\"row\">\r\n            <div class=\"col-xs-12 offset-lg-1 col-lg-5 offset-xxl-2 col-xxl-4 small-image-column\">\r\n                <picture>\r\n                    <source srcset=\"http:\/\/xn--ptenitzer-wiek-vpb.de\/wp-content\/uploads\/2022\/12\/Drohnenaufnahme-0556-Full-HD.jpg,\r\n                                http:\/\/xn--ptenitzer-wiek-vpb.de\/wp-content\/uploads\/2022\/12\/Drohnenaufnahme-0556-Full-HD.jpg 2x\"\r\n                            media=\"(min-width: 1080px)\">\r\n                    <img decoding=\"async\" src=\"http:\/\/xn--ptenitzer-wiek-vpb.de\/wp-content\/uploads\/2022\/12\/Drohnenaufnahme-0556-Full-HD-284x180.jpg\"\r\n                         src=\"http:\/\/xn--ptenitzer-wiek-vpb.de\/wp-content\/uploads\/2022\/12\/Drohnenaufnahme-0556-Full-HD-479x304.jpg\"\r\n                         srcset=\"http:\/\/xn--ptenitzer-wiek-vpb.de\/wp-content\/uploads\/2022\/12\/Drohnenaufnahme-0556-Full-HD.jpg 2x\"\r\n                         class=\"small-image lazy\"\r\n                         alt=\"\"\r\n                         title=\"\">\r\n                <\/picture>\r\n                <div class=\"impressum-text d-lg-none\">\r\n                    <h3>Impressum<\/h3>\r\n                    <p>Muhsal Immobilien Objekte beta GmbH<br \/>Kurt-Dunkelmann-Stra\u00dfe 2&nbsp;<br \/>18057 Rostock<\/p><p>Gesch\u00e4ftsf\u00fchrer: Fred Muhsal, Tom Martens<br \/>HRB 200422 B, Amtsgericht Berlin<\/p>                <\/div>\r\n            <\/div>\r\n            <div class=\"col-xs-12 offset-lg-1 col-lg-5 col-xxl-4\">\r\n                <div class=\"logo\"><svg class=\"icon default-poetinitzer-logo-menu \"><use href=\"#default-poetinitzer-logo-menu\"><use><\/svg><\/div>\r\n\r\n                <h2>Herzlich Willkommen<\/h2>\r\n                <h3>Der Ferienpark<\/h3>\r\n                <div class=\"content\">\r\n                    <p>Hier entsteht in K\u00fcrze die Internetpr\u00e4senz von P\u00f6tenitzer Wiek \u2013 dem Ferienpark an der Ostsee. Sie wollen Kapital anlegen und sind schon neugierig? Registrieren Sie sich per E-Mail unverbindlich f\u00fcr den Vorvertrieb: <a href=\"mailto:vertrieb@poetenitzer-wiek.de\">vertrieb@poetenitzer-wiek.de<\/a><\/p>                <\/div>\r\n                <a href=\"mailto:vertrieb@poetenitzer-wiek.de\" class=\"btn btn-secondary\">Jetzt Kontakt aufnehmen<\/a>\r\n                <div class=\"impressum-text d-xs-none d-lg-block\">\r\n                    <h3>Impressum<\/h3>\r\n                    <p>Muhsal Immobilien Objekte beta GmbH<br \/>Kurt-Dunkelmann-Stra\u00dfe 2&nbsp;<br \/>18057 Rostock<\/p><p>Gesch\u00e4ftsf\u00fchrer: Fred Muhsal, Tom Martens<br \/>HRB 200422 B, Amtsgericht Berlin<\/p>                <\/div>\r\n            <\/div>\r\n        <\/div>\r\n    <\/div>\r\n<\/section>\r\n\r\n<script>document.addEventListener('DOMContentLoaded', () => {\r\n        let maintenancePage = document.querySelector('.maintenance-page');\r\n        let btn = document.querySelector('.btn.btn-secondary');\r\n\r\n        if (maintenancePage && btn) {\r\n            maintenancePage.addEventListener('click', () => {\r\n                btn.click();\r\n            })\r\n        }\r\n    });<\/script>\r\n\n","protected":false},"excerpt":{"rendered":"<p>Impressum Muhsal Immobilien Objekte beta GmbHKurt-Dunkelmann-Stra\u00dfe 2&nbsp;18057 RostockGesch\u00e4ftsf\u00fchrer: Fred Muhsal, Tom MartensHRB 200422 B, Amtsgericht Berlin Herzlich Willkommen Der Ferienpark Hier entsteht [&hellip;]<\/p>\n","protected":false},"author":3,"featured_media":0,"parent":0,"menu_order":0,"comment_status":"closed","ping_status":"closed","template":"templates\/maintenance.php","meta":{"footnotes":""},"class_list":["post-7","page","type-page","status-publish","hentry"],"yoast_head":"<!-- This site is optimized with the Yoast SEO plugin v24.9 - https:\/\/yoast.com\/wordpress\/plugins\/seo\/ -->\n<title>P\u00f6tenitzer Wiek \u2013 dem Ferienpark an der Ostsee<\/title>\n<meta name=\"robots\" content=\"index, follow, max-snippet:-1, max-image-preview:large, max-video-preview:-1\" \/>\n<link rel=\"canonical\" href=\"https:\/\/xn--ptenitzer-wiek-vpb.de\/\" \/>\n<meta property=\"og:locale\" content=\"de_DE\" \/>\n<meta property=\"og:type\" content=\"article\" \/>\n<meta property=\"og:title\" content=\"P\u00f6tenitzer Wiek \u2013 dem Ferienpark an der Ostsee\" \/>\n<meta property=\"og:description\" content=\"Impressum Muhsal Immobilien Objekte beta GmbHKurt-Dunkelmann-Stra\u00dfe 2&nbsp;18057 RostockGesch\u00e4ftsf\u00fchrer: Fred Muhsal, Tom MartensHRB 200422 B, Amtsgericht Berlin Herzlich Willkommen Der Ferienpark Hier entsteht [&hellip;]\" \/>\n<meta property=\"og:url\" content=\"https:\/\/xn--ptenitzer-wiek-vpb.de\/\" \/>\n<meta property=\"og:site_name\" content=\"P\u00f6tenitzer Wiek \u2013 dem Ferienpark an der Ostsee\" \/>\n<meta property=\"article:modified_time\" content=\"2022-12-09T14:29:05+00:00\" \/>\n<meta property=\"og:image\" content=\"http:\/\/xn--ptenitzer-wiek-vpb.de\/wp-content\/uploads\/2022\/12\/POeTENITZ-0504_bearbeitet-239x320.jpg\" \/>\n<meta name=\"twitter:card\" content=\"summary_large_image\" \/>\n<script type=\"application\/ld+json\" class=\"yoast-schema-graph\">{\"@context\":\"https:\/\/schema.org\",\"@graph\":[{\"@type\":\"WebPage\",\"@id\":\"https:\/\/xn--ptenitzer-wiek-vpb.de\/\",\"url\":\"https:\/\/xn--ptenitzer-wiek-vpb.de\/\",\"name\":\"P\u00f6tenitzer Wiek \u2013 dem Ferienpark an der Ostsee\",\"isPartOf\":{\"@id\":\"https:\/\/xn--ptenitzer-wiek-vpb.de\/#website\"},\"primaryImageOfPage\":{\"@id\":\"https:\/\/xn--ptenitzer-wiek-vpb.de\/#primaryimage\"},\"image\":{\"@id\":\"https:\/\/xn--ptenitzer-wiek-vpb.de\/#primaryimage\"},\"thumbnailUrl\":\"http:\/\/xn--ptenitzer-wiek-vpb.de\/wp-content\/uploads\/2022\/12\/POeTENITZ-0504_bearbeitet-239x320.jpg\",\"datePublished\":\"2022-12-09T14:28:18+00:00\",\"dateModified\":\"2022-12-09T14:29:05+00:00\",\"breadcrumb\":{\"@id\":\"https:\/\/xn--ptenitzer-wiek-vpb.de\/#breadcrumb\"},\"inLanguage\":\"de\",\"potentialAction\":[{\"@type\":\"ReadAction\",\"target\":[\"https:\/\/xn--ptenitzer-wiek-vpb.de\/\"]}]},{\"@type\":\"ImageObject\",\"inLanguage\":\"de\",\"@id\":\"https:\/\/xn--ptenitzer-wiek-vpb.de\/#primaryimage\",\"url\":\"http:\/\/xn--ptenitzer-wiek-vpb.de\/wp-content\/uploads\/2022\/12\/POeTENITZ-0504_bearbeitet.jpg\",\"contentUrl\":\"http:\/\/xn--ptenitzer-wiek-vpb.de\/wp-content\/uploads\/2022\/12\/POeTENITZ-0504_bearbeitet.jpg\",\"width\":806,\"height\":1080},{\"@type\":\"BreadcrumbList\",\"@id\":\"https:\/\/xn--ptenitzer-wiek-vpb.de\/#breadcrumb\",\"itemListElement\":[{\"@type\":\"ListItem\",\"position\":1,\"name\":\"Startseite\",\"item\":\"https:\/\/xn--ptenitzer-wiek-vpb.de\/\"},{\"@type\":\"ListItem\",\"position\":2,\"name\":\"Wartungsmodus\"}]},{\"@type\":\"WebSite\",\"@id\":\"https:\/\/xn--ptenitzer-wiek-vpb.de\/#website\",\"url\":\"https:\/\/xn--ptenitzer-wiek-vpb.de\/\",\"name\":\"P\u00f6tenitzer Wiek \u2013 dem Ferienpark an der Ostsee\",\"description\":\"\",\"potentialAction\":[{\"@type\":\"SearchAction\",\"target\":{\"@type\":\"EntryPoint\",\"urlTemplate\":\"https:\/\/xn--ptenitzer-wiek-vpb.de\/?s={search_term_string}\"},\"query-input\":{\"@type\":\"PropertyValueSpecification\",\"valueRequired\":true,\"valueName\":\"search_term_string\"}}],\"inLanguage\":\"de\"}]}<\/script>\n<!-- \/ Yoast SEO plugin. -->","yoast_head_json":{"title":"P\u00f6tenitzer Wiek \u2013 dem Ferienpark an der Ostsee","robots":{"index":"index","follow":"follow","max-snippet":"max-snippet:-1","max-image-preview":"max-image-preview:large","max-video-preview":"max-video-preview:-1"},"canonical":"https:\/\/xn--ptenitzer-wiek-vpb.de\/","og_locale":"de_DE","og_type":"article","og_title":"P\u00f6tenitzer Wiek \u2013 dem Ferienpark an der Ostsee","og_description":"Impressum Muhsal Immobilien Objekte beta GmbHKurt-Dunkelmann-Stra\u00dfe 2&nbsp;18057 RostockGesch\u00e4ftsf\u00fchrer: Fred Muhsal, Tom MartensHRB 200422 B, Amtsgericht Berlin Herzlich Willkommen Der Ferienpark Hier entsteht [&hellip;]","og_url":"https:\/\/xn--ptenitzer-wiek-vpb.de\/","og_site_name":"P\u00f6tenitzer Wiek \u2013 dem Ferienpark an der Ostsee","article_modified_time":"2022-12-09T14:29:05+00:00","og_image":[{"url":"http:\/\/xn--ptenitzer-wiek-vpb.de\/wp-content\/uploads\/2022\/12\/POeTENITZ-0504_bearbeitet-239x320.jpg","type":"","width":"","height":""}],"twitter_card":"summary_large_image","schema":{"@context":"https:\/\/schema.org","@graph":[{"@type":"WebPage","@id":"https:\/\/xn--ptenitzer-wiek-vpb.de\/","url":"https:\/\/xn--ptenitzer-wiek-vpb.de\/","name":"P\u00f6tenitzer Wiek \u2013 dem Ferienpark an der Ostsee","isPartOf":{"@id":"https:\/\/xn--ptenitzer-wiek-vpb.de\/#website"},"primaryImageOfPage":{"@id":"https:\/\/xn--ptenitzer-wiek-vpb.de\/#primaryimage"},"image":{"@id":"https:\/\/xn--ptenitzer-wiek-vpb.de\/#primaryimage"},"thumbnailUrl":"http:\/\/xn--ptenitzer-wiek-vpb.de\/wp-content\/uploads\/2022\/12\/POeTENITZ-0504_bearbeitet-239x320.jpg","datePublished":"2022-12-09T14:28:18+00:00","dateModified":"2022-12-09T14:29:05+00:00","breadcrumb":{"@id":"https:\/\/xn--ptenitzer-wiek-vpb.de\/#breadcrumb"},"inLanguage":"de","potentialAction":[{"@type":"ReadAction","target":["https:\/\/xn--ptenitzer-wiek-vpb.de\/"]}]},{"@type":"ImageObject","inLanguage":"de","@id":"https:\/\/xn--ptenitzer-wiek-vpb.de\/#primaryimage","url":"http:\/\/xn--ptenitzer-wiek-vpb.de\/wp-content\/uploads\/2022\/12\/POeTENITZ-0504_bearbeitet.jpg","contentUrl":"http:\/\/xn--ptenitzer-wiek-vpb.de\/wp-content\/uploads\/2022\/12\/POeTENITZ-0504_bearbeitet.jpg","width":806,"height":1080},{"@type":"BreadcrumbList","@id":"https:\/\/xn--ptenitzer-wiek-vpb.de\/#breadcrumb","itemListElement":[{"@type":"ListItem","position":1,"name":"Startseite","item":"https:\/\/xn--ptenitzer-wiek-vpb.de\/"},{"@type":"ListItem","position":2,"name":"Wartungsmodus"}]},{"@type":"WebSite","@id":"https:\/\/xn--ptenitzer-wiek-vpb.de\/#website","url":"https:\/\/xn--ptenitzer-wiek-vpb.de\/","name":"P\u00f6tenitzer Wiek \u2013 dem Ferienpark an der Ostsee","description":"","potentialAction":[{"@type":"SearchAction","target":{"@type":"EntryPoint","urlTemplate":"https:\/\/xn--ptenitzer-wiek-vpb.de\/?s={search_term_string}"},"query-input":{"@type":"PropertyValueSpecification","valueRequired":true,"valueName":"search_term_string"}}],"inLanguage":"de"}]}},"_links":{"self":[{"href":"http:\/\/xn--ptenitzer-wiek-vpb.de\/index.php\/wp-json\/wp\/v2\/pages\/7","targetHints":{"allow":["GET"]}}],"collection":[{"href":"http:\/\/xn--ptenitzer-wiek-vpb.de\/index.php\/wp-json\/wp\/v2\/pages"}],"about":[{"href":"http:\/\/xn--ptenitzer-wiek-vpb.de\/index.php\/wp-json\/wp\/v2\/types\/page"}],"author":[{"embeddable":true,"href":"http:\/\/xn--ptenitzer-wiek-vpb.de\/index.php\/wp-json\/wp\/v2\/users\/3"}],"replies":[{"embeddable":true,"href":"http:\/\/xn--ptenitzer-wiek-vpb.de\/index.php\/wp-json\/wp\/v2\/comments?post=7"}],"version-history":[{"count":3,"href":"http:\/\/xn--ptenitzer-wiek-vpb.de\/index.php\/wp-json\/wp\/v2\/pages\/7\/revisions"}],"predecessor-version":[{"id":12,"href":"http:\/\/xn--ptenitzer-wiek-vpb.de\/index.php\/wp-json\/wp\/v2\/pages\/7\/revisions\/12"}],"wp:attachment":[{"href":"http:\/\/xn--ptenitzer-wiek-vpb.de\/index.php\/wp-json\/wp\/v2\/media?parent=7"}],"curies":[{"name":"wp","href":"https:\/\/api.w.org\/{rel}","templated":true}]}}